{"id":15,"date":"2025-10-09T14:26:54","date_gmt":"2025-10-09T14:26:54","guid":{"rendered":"https:\/\/lilizeng.rkinformatika.online\/?page_id=15"},"modified":"2025-10-10T09:20:14","modified_gmt":"2025-10-10T09:20:14","slug":"productos","status":"publish","type":"page","link":"https:\/\/lilizeng.es\/en\/productos\/","title":{"rendered":"Products"},"content":{"rendered":"<div data-elementor-type=\"wp-page\" data-elementor-id=\"15\" class=\"elementor elementor-15\" data-elementor-post-type=\"page\">\n\t\t\t\t<div class=\"elementor-element elementor-element-8dd3103 e-con-full e-flex e-con e-parent\" data-id=\"8dd3103\" data-element_type=\"container\" data-e-type=\"container\" data-settings=\"{&quot;background_background&quot;:&quot;classic&quot;}\">\n\t\t<div class=\"elementor-element elementor-element-756ce59 e-con-full e-flex e-con e-child\" data-id=\"756ce59\" data-element_type=\"container\" data-e-type=\"container\">\n\t\t\t\t<div class=\"elementor-element elementor-element-5efcad4 elementor-invisible elementor-widget elementor-widget-heading\" data-id=\"5efcad4\" data-element_type=\"widget\" data-e-type=\"widget\" data-settings=\"{&quot;_animation&quot;:&quot;fadeInRight&quot;}\" data-widget_type=\"heading.default\">\n\t\t\t\t\t<h2 class=\"elementor-heading-title elementor-size-default\">PRODUCTOS<\/h2>\t\t\t\t<\/div>\n\t\t\t\t<\/div>\n\t\t\t\t<\/div>\n\t\t<div class=\"elementor-element elementor-element-b3ce8a3 e-flex e-con-boxed e-con e-parent\" data-id=\"b3ce8a3\" data-element_type=\"container\" data-e-type=\"container\">\n\t\t\t\t\t<div class=\"e-con-inner\">\n\t\t<div class=\"elementor-element elementor-element-8b8dc78 e-con-full e-flex e-con e-child\" data-id=\"8b8dc78\" data-element_type=\"container\" data-e-type=\"container\" data-settings=\"{&quot;background_background&quot;:&quot;classic&quot;}\">\n\t\t\t\t<div class=\"elementor-element elementor-element-9d7e934 elementor-widget elementor-widget-image\" data-id=\"9d7e934\" data-element_type=\"widget\" data-e-type=\"widget\" data-widget_type=\"image.default\">\n\t\t\t\t\t\t\t\t\t\t\t\t\t\t\t<img fetchpriority=\"high\" decoding=\"async\" width=\"800\" height=\"534\" src=\"https:\/\/lilizeng.es\/wp-content\/uploads\/2025\/10\/148-1024x683.jpg\" class=\"attachment-large size-large wp-image-178\" alt=\"\" srcset=\"https:\/\/lilizeng.es\/wp-content\/uploads\/2025\/10\/148-1024x683.jpg 1024w, https:\/\/lilizeng.es\/wp-content\/uploads\/2025\/10\/148-300x200.jpg 300w, https:\/\/lilizeng.es\/wp-content\/uploads\/2025\/10\/148-768x513.jpg 768w, https:\/\/lilizeng.es\/wp-content\/uploads\/2025\/10\/148-18x12.jpg 18w, https:\/\/lilizeng.es\/wp-content\/uploads\/2025\/10\/148.jpg 1500w\" sizes=\"(max-width: 800px) 100vw, 800px\" \/>\t\t\t\t\t\t\t\t\t\t\t\t\t\t\t<\/div>\n\t\t\t\t<div class=\"elementor-element elementor-element-e78077e elementor-widget elementor-widget-heading\" data-id=\"e78077e\" data-element_type=\"widget\" data-e-type=\"widget\" data-widget_type=\"heading.default\">\n\t\t\t\t\t<h2 class=\"elementor-heading-title elementor-size-default\">Oficina, papeler\u00eda<\/h2>\t\t\t\t<\/div>\n\t\t\t\t<div class=\"elementor-element elementor-element-73d3861 elementor-widget elementor-widget-text-editor\" data-id=\"73d3861\" data-element_type=\"widget\" data-e-type=\"widget\" data-widget_type=\"text-editor.default\">\n\t\t\t\t\t\t\t\t\t<ul><li data-start=\"1637\" data-end=\"1673\"><p data-start=\"1639\" data-end=\"1673\">Material escolar y de escritorio<\/p><\/li><li data-start=\"1674\" data-end=\"1705\"><p data-start=\"1676\" data-end=\"1705\">Art\u00edculos para manualidades<\/p><\/li><li data-start=\"1706\" data-end=\"1754\"><p data-start=\"1708\" data-end=\"1754\">Accesorios \u00fatiles para el trabajo y el hogar<\/p><\/li><\/ul>\t\t\t\t\t\t\t\t<\/div>\n\t\t\t\t<\/div>\n\t\t<div class=\"elementor-element elementor-element-67594de e-con-full e-flex e-con e-child\" data-id=\"67594de\" data-element_type=\"container\" data-e-type=\"container\" data-settings=\"{&quot;background_background&quot;:&quot;classic&quot;}\">\n\t\t\t\t<div class=\"elementor-element elementor-element-ee482bf elementor-widget elementor-widget-image\" data-id=\"ee482bf\" data-element_type=\"widget\" data-e-type=\"widget\" data-widget_type=\"image.default\">\n\t\t\t\t\t\t\t\t\t\t\t\t\t\t\t<img decoding=\"async\" width=\"800\" height=\"534\" src=\"https:\/\/lilizeng.es\/wp-content\/uploads\/2025\/10\/2149732875-1024x684.jpg\" class=\"attachment-large size-large wp-image-180\" alt=\"\" srcset=\"https:\/\/lilizeng.es\/wp-content\/uploads\/2025\/10\/2149732875-1024x684.jpg 1024w, https:\/\/lilizeng.es\/wp-content\/uploads\/2025\/10\/2149732875-300x200.jpg 300w, https:\/\/lilizeng.es\/wp-content\/uploads\/2025\/10\/2149732875-768x513.jpg 768w, https:\/\/lilizeng.es\/wp-content\/uploads\/2025\/10\/2149732875-18x12.jpg 18w, https:\/\/lilizeng.es\/wp-content\/uploads\/2025\/10\/2149732875.jpg 1500w\" sizes=\"(max-width: 800px) 100vw, 800px\" \/>\t\t\t\t\t\t\t\t\t\t\t\t\t\t\t<\/div>\n\t\t\t\t<div class=\"elementor-element elementor-element-4b12938 elementor-widget elementor-widget-heading\" data-id=\"4b12938\" data-element_type=\"widget\" data-e-type=\"widget\" data-widget_type=\"heading.default\">\n\t\t\t\t\t<h2 class=\"elementor-heading-title elementor-size-default\">Juguetes, regalos y temporada<\/h2>\t\t\t\t<\/div>\n\t\t\t\t<div class=\"elementor-element elementor-element-8099904 elementor-widget elementor-widget-text-editor\" data-id=\"8099904\" data-element_type=\"widget\" data-e-type=\"widget\" data-widget_type=\"text-editor.default\">\n\t\t\t\t\t\t\t\t\t<ul><li data-start=\"1795\" data-end=\"1829\"><p data-start=\"1797\" data-end=\"1829\">Juguetes para todas las edades<\/p><\/li><li data-start=\"1830\" data-end=\"1852\"><p data-start=\"1832\" data-end=\"1852\">Regalos originales<\/p><\/li><li data-start=\"1853\" data-end=\"1891\"><p data-start=\"1855\" data-end=\"1891\">Novedades y productos de temporada<\/p><\/li><\/ul>\t\t\t\t\t\t\t\t<\/div>\n\t\t\t\t<\/div>\n\t\t<div class=\"elementor-element elementor-element-4835550 e-con-full e-flex e-con e-child\" data-id=\"4835550\" data-element_type=\"container\" data-e-type=\"container\" data-settings=\"{&quot;background_background&quot;:&quot;classic&quot;}\">\n\t\t\t\t<div class=\"elementor-element elementor-element-dc0e002 elementor-widget elementor-widget-image\" data-id=\"dc0e002\" data-element_type=\"widget\" data-e-type=\"widget\" data-widget_type=\"image.default\">\n\t\t\t\t\t\t\t\t\t\t\t\t\t\t\t<img decoding=\"async\" width=\"800\" height=\"534\" src=\"https:\/\/lilizeng.es\/wp-content\/uploads\/2025\/10\/23515005-1024x683.jpg\" class=\"attachment-large size-large wp-image-181\" alt=\"\" srcset=\"https:\/\/lilizeng.es\/wp-content\/uploads\/2025\/10\/23515005-1024x683.jpg 1024w, https:\/\/lilizeng.es\/wp-content\/uploads\/2025\/10\/23515005-300x200.jpg 300w, https:\/\/lilizeng.es\/wp-content\/uploads\/2025\/10\/23515005-768x512.jpg 768w, https:\/\/lilizeng.es\/wp-content\/uploads\/2025\/10\/23515005-18x12.jpg 18w, https:\/\/lilizeng.es\/wp-content\/uploads\/2025\/10\/23515005.jpg 1500w\" sizes=\"(max-width: 800px) 100vw, 800px\" \/>\t\t\t\t\t\t\t\t\t\t\t\t\t\t\t<\/div>\n\t\t\t\t<div class=\"elementor-element elementor-element-84144c2 elementor-widget elementor-widget-heading\" data-id=\"84144c2\" data-element_type=\"widget\" data-e-type=\"widget\" data-widget_type=\"heading.default\">\n\t\t\t\t\t<h2 class=\"elementor-heading-title elementor-size-default\">Hogar<\/h2>\t\t\t\t<\/div>\n\t\t\t\t<div class=\"elementor-element elementor-element-2fd092e elementor-widget elementor-widget-text-editor\" data-id=\"2fd092e\" data-element_type=\"widget\" data-e-type=\"widget\" data-widget_type=\"text-editor.default\">\n\t\t\t\t\t\t\t\t\t<ul><li data-start=\"1354\" data-end=\"1391\"><p data-start=\"1356\" data-end=\"1391\">Utensilios pr\u00e1cticos y de calidad<\/p><\/li><li data-start=\"1392\" data-end=\"1432\"><p data-start=\"1394\" data-end=\"1432\">Art\u00edculos de limpieza y organizaci\u00f3n<\/p><\/li><li data-start=\"1433\" data-end=\"1460\"><p data-start=\"1435\" data-end=\"1460\">Decoraci\u00f3n y accesorios<\/p><\/li><\/ul>\t\t\t\t\t\t\t\t<\/div>\n\t\t\t\t<\/div>\n\t\t\t\t\t<\/div>\n\t\t\t\t<\/div>\n\t\t<div class=\"elementor-element elementor-element-9a0f3de e-con-full e-flex e-con e-parent\" data-id=\"9a0f3de\" data-element_type=\"container\" data-e-type=\"container\" data-settings=\"{&quot;background_background&quot;:&quot;classic&quot;}\">\n\t\t\t\t<div class=\"elementor-element elementor-element-33090a4 elementor-cta--skin-cover elementor-animated-content elementor-bg-transform elementor-bg-transform-zoom-in elementor-widget elementor-widget-call-to-action\" data-id=\"33090a4\" data-element_type=\"widget\" data-e-type=\"widget\" data-widget_type=\"call-to-action.default\">\n\t\t\t\t\t\t\t<div class=\"elementor-cta\">\n\t\t\t\t\t<div class=\"elementor-cta__bg-wrapper\">\n\t\t\t\t<div class=\"elementor-cta__bg elementor-bg\" style=\"background-image: url(https:\/\/lilizeng.es\/wp-content\/uploads\/2025\/10\/166-1024x683.jpg);\" role=\"img\" aria-label=\"166\"><\/div>\n\t\t\t\t<div class=\"elementor-cta__bg-overlay\"><\/div>\n\t\t\t<\/div>\n\t\t\t\t\t\t\t<div class=\"elementor-cta__content\">\n\t\t\t\t\n\t\t\t\t\t\t\t\t\t<h2 class=\"elementor-cta__title elementor-cta__content-item elementor-content-item elementor-animated-item--grow\">\n\t\t\t\t\t\t\u201c\u00bfTienes alguna pregunta?\t\t\t\t\t<\/h2>\n\t\t\t\t\n\t\t\t\t\t\t\t\t\t<div class=\"elementor-cta__description elementor-cta__content-item elementor-content-item elementor-animated-item--grow\">\n\t\t\t\t\t\tEstamos listos para ayudarte a encontrar lo que necesitas.\t\t\t\t\t<\/div>\n\t\t\t\t\n\t\t\t\t\t\t\t\t\t<div class=\"elementor-cta__button-wrapper elementor-cta__content-item elementor-content-item elementor-animated-item--grow\">\n\t\t\t\t\t<a class=\"elementor-cta__button elementor-button elementor-size-\" href=\"https:\/\/lilizeng.es\/en\/contacto\/\">\n\t\t\t\t\t\tContact\t\t\t\t\t<\/a>\n\t\t\t\t\t<\/div>\n\t\t\t\t\t\t\t<\/div>\n\t\t\t\t\t\t<\/div>\n\t\t\t\t\t\t<\/div>\n\t\t\t\t<\/div>\n\t\t\t\t<\/div>","protected":false},"excerpt":{"rendered":"<p>PRODUCTOS Oficina, papeler\u00eda Material escolar y de escritorio Art\u00edculos para manualidades Accesorios \u00fatiles para el trabajo y el hogar Juguetes, regalos y temporada Juguetes para todas las edades Regalos originales Novedades y productos de temporada Hogar Utensilios pr\u00e1cticos y de calidad Art\u00edculos de limpieza y organizaci\u00f3n Decoraci\u00f3n y accesorios \u201c\u00bfTienes alguna pregunta? Estamos listos para [&hellip;]<\/p>\n","protected":false},"author":1,"featured_media":0,"parent":0,"menu_order":0,"comment_status":"closed","ping_status":"closed","template":"elementor_canvas","meta":{"footnotes":""},"class_list":["post-15","page","type-page","status-publish","hentry"],"yoast_head":"<!-- This site is optimized with the Yoast SEO plugin v27.3 - https:\/\/yoast.com\/product\/yoast-seo-wordpress\/ -->\n<title>Productos - Lili Zeng<\/title>\n<meta name=\"robots\" content=\"index, follow, max-snippet:-1, max-image-preview:large, max-video-preview:-1\" \/>\n<link rel=\"canonical\" href=\"https:\/\/lilizeng.es\/en\/productos\/\" \/>\n<meta property=\"og:locale\" content=\"en_GB\" \/>\n<meta property=\"og:type\" content=\"article\" \/>\n<meta property=\"og:title\" content=\"Productos - Lili Zeng\" \/>\n<meta property=\"og:description\" content=\"PRODUCTOS Oficina, papeler\u00eda Material escolar y de escritorio Art\u00edculos para manualidades Accesorios \u00fatiles para el trabajo y el hogar Juguetes, regalos y temporada Juguetes para todas las edades Regalos originales Novedades y productos de temporada Hogar Utensilios pr\u00e1cticos y de calidad Art\u00edculos de limpieza y organizaci\u00f3n Decoraci\u00f3n y accesorios \u201c\u00bfTienes alguna pregunta? Estamos listos para [&hellip;]\" \/>\n<meta property=\"og:url\" content=\"https:\/\/lilizeng.es\/en\/productos\/\" \/>\n<meta property=\"og:site_name\" content=\"Lili Zeng\" \/>\n<meta property=\"article:modified_time\" content=\"2025-10-10T09:20:14+00:00\" \/>\n<meta property=\"og:image\" content=\"https:\/\/lilizeng.es\/wp-content\/uploads\/2025\/10\/148-1024x683.jpg\" \/>\n<meta name=\"twitter:card\" content=\"summary_large_image\" \/>\n<meta name=\"twitter:label1\" content=\"Estimated reading time\" \/>\n\t<meta name=\"twitter:data1\" content=\"1 minute\" \/>\n<script type=\"application\/ld+json\" class=\"yoast-schema-graph\">{\"@context\":\"https:\\\/\\\/schema.org\",\"@graph\":[{\"@type\":\"WebPage\",\"@id\":\"https:\\\/\\\/lilizeng.es\\\/productos\\\/\",\"url\":\"https:\\\/\\\/lilizeng.es\\\/productos\\\/\",\"name\":\"Productos - Lili Zeng\",\"isPartOf\":{\"@id\":\"https:\\\/\\\/lilizeng.es\\\/#website\"},\"primaryImageOfPage\":{\"@id\":\"https:\\\/\\\/lilizeng.es\\\/productos\\\/#primaryimage\"},\"image\":{\"@id\":\"https:\\\/\\\/lilizeng.es\\\/productos\\\/#primaryimage\"},\"thumbnailUrl\":\"https:\\\/\\\/lilizeng.es\\\/wp-content\\\/uploads\\\/2025\\\/10\\\/148-1024x683.jpg\",\"datePublished\":\"2025-10-09T14:26:54+00:00\",\"dateModified\":\"2025-10-10T09:20:14+00:00\",\"breadcrumb\":{\"@id\":\"https:\\\/\\\/lilizeng.es\\\/productos\\\/#breadcrumb\"},\"inLanguage\":\"en-GB\",\"potentialAction\":[{\"@type\":\"ReadAction\",\"target\":[\"https:\\\/\\\/lilizeng.es\\\/productos\\\/\"]}]},{\"@type\":\"ImageObject\",\"inLanguage\":\"en-GB\",\"@id\":\"https:\\\/\\\/lilizeng.es\\\/productos\\\/#primaryimage\",\"url\":\"https:\\\/\\\/lilizeng.es\\\/wp-content\\\/uploads\\\/2025\\\/10\\\/148-1024x683.jpg\",\"contentUrl\":\"https:\\\/\\\/lilizeng.es\\\/wp-content\\\/uploads\\\/2025\\\/10\\\/148-1024x683.jpg\"},{\"@type\":\"BreadcrumbList\",\"@id\":\"https:\\\/\\\/lilizeng.es\\\/productos\\\/#breadcrumb\",\"itemListElement\":[{\"@type\":\"ListItem\",\"position\":1,\"name\":\"Portada\",\"item\":\"https:\\\/\\\/lilizeng.es\\\/\"},{\"@type\":\"ListItem\",\"position\":2,\"name\":\"Productos\"}]},{\"@type\":\"WebSite\",\"@id\":\"https:\\\/\\\/lilizeng.es\\\/#website\",\"url\":\"https:\\\/\\\/lilizeng.es\\\/\",\"name\":\"Lili Zeng\",\"description\":\"Bazar\",\"publisher\":{\"@id\":\"https:\\\/\\\/lilizeng.es\\\/#organization\"},\"potentialAction\":[{\"@type\":\"SearchAction\",\"target\":{\"@type\":\"EntryPoint\",\"urlTemplate\":\"https:\\\/\\\/lilizeng.es\\\/?s={search_term_string}\"},\"query-input\":{\"@type\":\"PropertyValueSpecification\",\"valueRequired\":true,\"valueName\":\"search_term_string\"}}],\"inLanguage\":\"en-GB\"},{\"@type\":\"Organization\",\"@id\":\"https:\\\/\\\/lilizeng.es\\\/#organization\",\"name\":\"Lili Zeng\",\"url\":\"https:\\\/\\\/lilizeng.es\\\/\",\"logo\":{\"@type\":\"ImageObject\",\"inLanguage\":\"en-GB\",\"@id\":\"https:\\\/\\\/lilizeng.es\\\/#\\\/schema\\\/logo\\\/image\\\/\",\"url\":\"https:\\\/\\\/lilizeng.es\\\/wp-content\\\/uploads\\\/2025\\\/10\\\/cropped-lilizenglorca202509_logoarriba_logoarriba.jpg\",\"contentUrl\":\"https:\\\/\\\/lilizeng.es\\\/wp-content\\\/uploads\\\/2025\\\/10\\\/cropped-lilizenglorca202509_logoarriba_logoarriba.jpg\",\"width\":346,\"height\":166,\"caption\":\"Lili Zeng\"},\"image\":{\"@id\":\"https:\\\/\\\/lilizeng.es\\\/#\\\/schema\\\/logo\\\/image\\\/\"}}]}<\/script>\n<!-- \/ Yoast SEO plugin. -->","yoast_head_json":{"title":"Productos - Lili Zeng","robots":{"index":"index","follow":"follow","max-snippet":"max-snippet:-1","max-image-preview":"max-image-preview:large","max-video-preview":"max-video-preview:-1"},"canonical":"https:\/\/lilizeng.es\/en\/productos\/","og_locale":"en_GB","og_type":"article","og_title":"Productos - Lili Zeng","og_description":"PRODUCTOS Oficina, papeler\u00eda Material escolar y de escritorio Art\u00edculos para manualidades Accesorios \u00fatiles para el trabajo y el hogar Juguetes, regalos y temporada Juguetes para todas las edades Regalos originales Novedades y productos de temporada Hogar Utensilios pr\u00e1cticos y de calidad Art\u00edculos de limpieza y organizaci\u00f3n Decoraci\u00f3n y accesorios \u201c\u00bfTienes alguna pregunta? Estamos listos para [&hellip;]","og_url":"https:\/\/lilizeng.es\/en\/productos\/","og_site_name":"Lili Zeng","article_modified_time":"2025-10-10T09:20:14+00:00","og_image":[{"url":"https:\/\/lilizeng.es\/wp-content\/uploads\/2025\/10\/148-1024x683.jpg","type":"","width":"","height":""}],"twitter_card":"summary_large_image","twitter_misc":{"Estimated reading time":"1 minute"},"schema":{"@context":"https:\/\/schema.org","@graph":[{"@type":"WebPage","@id":"https:\/\/lilizeng.es\/productos\/","url":"https:\/\/lilizeng.es\/productos\/","name":"Productos - Lili Zeng","isPartOf":{"@id":"https:\/\/lilizeng.es\/#website"},"primaryImageOfPage":{"@id":"https:\/\/lilizeng.es\/productos\/#primaryimage"},"image":{"@id":"https:\/\/lilizeng.es\/productos\/#primaryimage"},"thumbnailUrl":"https:\/\/lilizeng.es\/wp-content\/uploads\/2025\/10\/148-1024x683.jpg","datePublished":"2025-10-09T14:26:54+00:00","dateModified":"2025-10-10T09:20:14+00:00","breadcrumb":{"@id":"https:\/\/lilizeng.es\/productos\/#breadcrumb"},"inLanguage":"en-GB","potentialAction":[{"@type":"ReadAction","target":["https:\/\/lilizeng.es\/productos\/"]}]},{"@type":"ImageObject","inLanguage":"en-GB","@id":"https:\/\/lilizeng.es\/productos\/#primaryimage","url":"https:\/\/lilizeng.es\/wp-content\/uploads\/2025\/10\/148-1024x683.jpg","contentUrl":"https:\/\/lilizeng.es\/wp-content\/uploads\/2025\/10\/148-1024x683.jpg"},{"@type":"BreadcrumbList","@id":"https:\/\/lilizeng.es\/productos\/#breadcrumb","itemListElement":[{"@type":"ListItem","position":1,"name":"Portada","item":"https:\/\/lilizeng.es\/"},{"@type":"ListItem","position":2,"name":"Productos"}]},{"@type":"WebSite","@id":"https:\/\/lilizeng.es\/#website","url":"https:\/\/lilizeng.es\/","name":"Lili Zeng","description":"Bazar","publisher":{"@id":"https:\/\/lilizeng.es\/#organization"},"potentialAction":[{"@type":"SearchAction","target":{"@type":"EntryPoint","urlTemplate":"https:\/\/lilizeng.es\/?s={search_term_string}"},"query-input":{"@type":"PropertyValueSpecification","valueRequired":true,"valueName":"search_term_string"}}],"inLanguage":"en-GB"},{"@type":"Organization","@id":"https:\/\/lilizeng.es\/#organization","name":"Lili Zeng","url":"https:\/\/lilizeng.es\/","logo":{"@type":"ImageObject","inLanguage":"en-GB","@id":"https:\/\/lilizeng.es\/#\/schema\/logo\/image\/","url":"https:\/\/lilizeng.es\/wp-content\/uploads\/2025\/10\/cropped-lilizenglorca202509_logoarriba_logoarriba.jpg","contentUrl":"https:\/\/lilizeng.es\/wp-content\/uploads\/2025\/10\/cropped-lilizenglorca202509_logoarriba_logoarriba.jpg","width":346,"height":166,"caption":"Lili Zeng"},"image":{"@id":"https:\/\/lilizeng.es\/#\/schema\/logo\/image\/"}}]}},"_links":{"self":[{"href":"https:\/\/lilizeng.es\/en\/wp-json\/wp\/v2\/pages\/15","targetHints":{"allow":["GET"]}}],"collection":[{"href":"https:\/\/lilizeng.es\/en\/wp-json\/wp\/v2\/pages"}],"about":[{"href":"https:\/\/lilizeng.es\/en\/wp-json\/wp\/v2\/types\/page"}],"author":[{"embeddable":true,"href":"https:\/\/lilizeng.es\/en\/wp-json\/wp\/v2\/users\/1"}],"replies":[{"embeddable":true,"href":"https:\/\/lilizeng.es\/en\/wp-json\/wp\/v2\/comments?post=15"}],"version-history":[{"count":28,"href":"https:\/\/lilizeng.es\/en\/wp-json\/wp\/v2\/pages\/15\/revisions"}],"predecessor-version":[{"id":184,"href":"https:\/\/lilizeng.es\/en\/wp-json\/wp\/v2\/pages\/15\/revisions\/184"}],"wp:attachment":[{"href":"https:\/\/lilizeng.es\/en\/wp-json\/wp\/v2\/media?parent=15"}],"curies":[{"name":"wp","href":"https:\/\/api.w.org\/{rel}","templated":true}]}}